{"id":2,"date":"2025-07-02T20:07:33","date_gmt":"2025-07-02T20:07:33","guid":{"rendered":"http:\/\/blog.selfup.health\/?page_id=2"},"modified":"2025-08-25T16:40:09","modified_gmt":"2025-08-25T16:40:09","slug":"sample-page","status":"publish","type":"page","link":"https:\/\/blog.selfup.app\/?page_id=2","title":{"rendered":"Faza testowa SelfUp &#8211; na czym polega?"},"content":{"rendered":"<h2 class=\"mb-2 mt-4 font-semimedium text-base first:mt-0\">Pom\u00f3\u017c nam stworzy\u0107 jedyn\u0105 w swoim rodzaju aplikacj\u0119 wellness &#8211; SelfUp!<\/h2>\n<p class=\"my-2 [&amp;+p]:mt-4 [&amp;_strong:has(+br)]:inline-block [&amp;_strong:has(+br)]:pb-2\">Hej! Masz ochot\u0119 poczu\u0107 si\u0119 lepiej, ale bez wielkich rewolucji i skomplikowanych plan\u00f3w? Super, bo w\u0142a\u015bnie tego chcemy Ci dostarczy\u0107! Zapraszamy Ci\u0119 do wzi\u0119cia udzia\u0142u w kr\u00f3tkim, 10-dniowym te\u015bcie naszej aplikacji SelfUp. To nie jest kolejny nudny test \u2013 to Twoja osobista przygoda w odkrywaniu, jak ma\u0142e, codzienne kroki mog\u0105 zdzia\u0142a\u0107 cuda dla Twojego samopoczucia.<\/p>\n<p class=\"my-2 [&amp;+p]:mt-4 [&amp;_strong:has(+br)]:inline-block [&amp;_strong:has(+br)]:pb-2\">Chcemy razem z Tob\u0105 sprawdzi\u0107, co dzia\u0142a najlepiej. Tw\u00f3j g\u0142os i Twoje odczucia s\u0105 dla nas na wag\u0119 z\u0142ota!<\/p>\n<h2 class=\"mb-2 mt-4 font-semimedium text-base first:mt-0\">Jak wygl\u0105da nasza wsp\u00f3lna przygoda? To proste!<\/h2>\n<p class=\"my-2 [&amp;+p]:mt-4 [&amp;_strong:has(+br)]:inline-block [&amp;_strong:has(+br)]:pb-2\">Oto, co Ci\u0119 czeka, krok po kroku:<\/p>\n<ol class=\"marker:text-quiet list-decimal\">\n<li class=\"py-0 my-0 prose-p:pt-0 prose-p:mb-2 prose-p:my-0 [&amp;&gt;p]:pt-0 [&amp;&gt;p]:mb-2 [&amp;&gt;p]:my-0\" style=\"box-sizing: border-box; border-width: 0px; border-style: solid; border-color: oklch(0.9296 0.007 106.53 \/ 0.1); scrollbar-color: initial; scrollbar-width: initial; --tw-border-spacing-x: 0; --tw-border-spacing-y: 0; --tw-translate-x: 0; --tw-translate-y: 0; --tw-rotate: 0; --tw-skew-x: 0; --tw-skew-y: 0; --tw-scale-x: 1; --tw-scale-y: 1; --tw-scroll-snap-strictness: proximity; --tw-ring-offset-width: 0px; --tw-ring-offset-color: #fff; --tw-ring-color: rgb(59 130 246 \/ .5); --tw-ring-offset-shadow: 0 0 #0000; --tw-ring-shadow: 0 0 #0000; --tw-shadow: 0 0 #0000; --tw-shadow-colored: 0 0 #0000; margin-top: 0px; margin-bottom: 0px; padding-inline-start: 0.375em; padding-top: 0px; padding-bottom: 0px;\">\n<p class=\"my-2 [&amp;+p]:mt-4 [&amp;_strong:has(+br)]:inline-block [&amp;_strong:has(+br)]:pb-2\"><strong>Na start: Opowiedz nam o sobie!<\/strong><br \/>\nZaczynasz od kr\u00f3tkiego i przyjemnego wprowadzenia (onboardingu), w kt\u00f3rym wybierasz sw\u00f3j cel \u2013 chcesz lepiej spa\u0107, mie\u0107 wi\u0119cej energii, a mo\u017ce zredukowa\u0107 stres? To tutaj Ty decydujesz! Upy, nasza urocza maskotka, poprowadzi Ci\u0119 przez ten proces.<\/p>\n<\/li>\n<li class=\"py-0 my-0 prose-p:pt-0 prose-p:mb-2 prose-p:my-0 [&amp;&gt;p]:pt-0 [&amp;&gt;p]:mb-2 [&amp;&gt;p]:my-0\" style=\"box-sizing: border-box; border-width: 0px; border-style: solid; border-color: oklch(0.9296 0.007 106.53 \/ 0.1); scrollbar-color: initial; scrollbar-width: initial; --tw-border-spacing-x: 0; --tw-border-spacing-y: 0; --tw-translate-x: 0; --tw-translate-y: 0; --tw-rotate: 0; --tw-skew-x: 0; --tw-skew-y: 0; --tw-scale-x: 1; --tw-scale-y: 1; --tw-scroll-snap-strictness: proximity; --tw-ring-offset-width: 0px; --tw-ring-offset-color: #fff; --tw-ring-color: rgb(59 130 246 \/ .5); --tw-ring-offset-shadow: 0 0 #0000; --tw-ring-shadow: 0 0 #0000; --tw-shadow: 0 0 #0000; --tw-shadow-colored: 0 0 #0000; margin-top: 0px; margin-bottom: 0px; padding-inline-start: 0.375em; padding-top: 0px; padding-bottom: 0px;\">\n<p class=\"my-2 [&amp;+p]:mt-4 [&amp;_strong:has(+br)]:inline-block [&amp;_strong:has(+br)]:pb-2\"><strong>Zostaw nam maila i wype\u0142nij kr\u00f3tk\u0105 ankiet\u0119<\/strong><br \/>\nPo wybraniu celu, poprosimy Ci\u0119 o adres e-mail i wype\u0142nienie dos\u0142ownie kilku pyta\u0144. Dzi\u0119ki temu b\u0119dziemy mogli wysy\u0142a\u0107 Ci Twoje codzienne misje prosto na skrzynk\u0119.<\/p>\n<\/li>\n<li class=\"py-0 my-0 prose-p:pt-0 prose-p:mb-2 prose-p:my-0 [&amp;&gt;p]:pt-0 [&amp;&gt;p]:mb-2 [&amp;&gt;p]:my-0\" style=\"box-sizing: border-box; border-width: 0px; border-style: solid; border-color: oklch(0.9296 0.007 106.53 \/ 0.1); scrollbar-color: initial; scrollbar-width: initial; --tw-border-spacing-x: 0; --tw-border-spacing-y: 0; --tw-translate-x: 0; --tw-translate-y: 0; --tw-rotate: 0; --tw-skew-x: 0; --tw-skew-y: 0; --tw-scale-x: 1; --tw-scale-y: 1; --tw-scroll-snap-strictness: proximity; --tw-ring-offset-width: 0px; --tw-ring-offset-color: #fff; --tw-ring-color: rgb(59 130 246 \/ .5); --tw-ring-offset-shadow: 0 0 #0000; --tw-ring-shadow: 0 0 #0000; --tw-shadow: 0 0 #0000; --tw-shadow-colored: 0 0 #0000; margin-top: 0px; margin-bottom: 0px; padding-inline-start: 0.375em; padding-top: 0px; padding-bottom: 0px;\">\n<p class=\"my-2 [&amp;+p]:mt-4 [&amp;_strong:has(+br)]:inline-block [&amp;_strong:has(+br)]:pb-2\"><strong>Codzienna dawka dobra: Zadania i feedback<\/strong><br \/>\nKa\u017cdego dnia dostaniesz od nas maila z prostymi, przyjemnymi zadaniami na nast\u0119pny dzie\u0144. Nic skomplikowanego \u2013 obiecujemy! A po ich wykonaniu, poprosimy o superkr\u00f3tki feedback. Dwie minuty i gotowe!<\/p>\n<\/li>\n<li class=\"py-0 my-0 prose-p:pt-0 prose-p:mb-2 prose-p:my-0 [&amp;&gt;p]:pt-0 [&amp;&gt;p]:mb-2 [&amp;&gt;p]:my-0\" style=\"box-sizing: border-box; border-width: 0px; border-style: solid; border-color: oklch(0.9296 0.007 106.53 \/ 0.1); scrollbar-color: initial; scrollbar-width: initial; --tw-border-spacing-x: 0; --tw-border-spacing-y: 0; --tw-translate-x: 0; --tw-translate-y: 0; --tw-rotate: 0; --tw-skew-x: 0; --tw-skew-y: 0; --tw-scale-x: 1; --tw-scale-y: 1; --tw-scroll-snap-strictness: proximity; --tw-ring-offset-width: 0px; --tw-ring-offset-color: #fff; --tw-ring-color: rgb(59 130 246 \/ .5); --tw-ring-offset-shadow: 0 0 #0000; --tw-ring-shadow: 0 0 #0000; --tw-shadow: 0 0 #0000; --tw-shadow-colored: 0 0 #0000; margin-top: 0px; margin-bottom: 0px; padding-inline-start: 0.375em; padding-top: 0px; padding-bottom: 0px;\">\n<p class=\"my-2 [&amp;+p]:mt-4 [&amp;_strong:has(+br)]:inline-block [&amp;_strong:has(+br)]:pb-2\"><strong>Wielki fina\u0142 po 10 dniach!<\/strong><br \/>\nPo uko\u0144czeniu 10-dniowego wyzwania, czeka na Ciebie ostatnia, kr\u00f3tka ankieta. Chcemy wiedzie\u0107, jak Ci posz\u0142o i co my\u015blisz o ca\u0142ej akcji.<\/p>\n<\/li>\n<li class=\"py-0 my-0 prose-p:pt-0 prose-p:mb-2 prose-p:my-0 [&amp;&gt;p]:pt-0 [&amp;&gt;p]:mb-2 [&amp;&gt;p]:my-0\" style=\"box-sizing: border-box; border-width: 0px; border-style: solid; border-color: oklch(0.9296 0.007 106.53 \/ 0.1); scrollbar-color: initial; scrollbar-width: initial; --tw-border-spacing-x: 0; --tw-border-spacing-y: 0; --tw-translate-x: 0; --tw-translate-y: 0; --tw-rotate: 0; --tw-skew-x: 0; --tw-skew-y: 0; --tw-scale-x: 1; --tw-scale-y: 1; --tw-scroll-snap-strictness: proximity; --tw-ring-offset-width: 0px; --tw-ring-offset-color: #fff; --tw-ring-color: rgb(59 130 246 \/ .5); --tw-ring-offset-shadow: 0 0 #0000; --tw-ring-shadow: 0 0 #0000; --tw-shadow: 0 0 #0000; --tw-shadow-colored: 0 0 #0000; margin-top: 0px; margin-bottom: 0px; padding-inline-start: 0.375em; padding-top: 0px; padding-bottom: 0px;\">\n<p class=\"my-2 [&amp;+p]:mt-4 [&amp;_strong:has(+br)]:inline-block [&amp;_strong:has(+br)]:pb-2\"><strong>Wisienka na torcie: Odbierz swoj\u0105 nagrod\u0119!<\/strong><br \/>\nW podzi\u0119kowaniu za Tw\u00f3j czas i zaanga\u017cowanie, po wype\u0142nieniu ostatniej ankiety otrzymasz od nas specjalny kod promocyjny na subskrypcj\u0119 SelfUp!<\/p>\n<\/li>\n<\/ol>\n<h2 class=\"mb-2 mt-4 font-semimedium text-base first:mt-0\">Dlaczego warto do nas do\u0142\u0105czy\u0107?<\/h2>\n<p class=\"my-2 [&amp;+p]:mt-4 [&amp;_strong:has(+br)]:inline-block [&amp;_strong:has(+br)]:pb-2\">Bo to Twoja szansa, by bez presji i wielkich wyrzecze\u0144 sprawdzi\u0107, jak proste nawyki mog\u0105 odmieni\u0107 Tw\u00f3j dzie\u0144. Chcemy, \u017ceby dbanie o siebie by\u0142o przyjemno\u015bci\u0105, a nie kolejnym obowi\u0105zkiem na li\u015bcie &#8222;do zrobienia&#8221;.<\/p>\n<p class=\"my-2 [&amp;+p]:mt-4 [&amp;_strong:has(+br)]:inline-block [&amp;_strong:has(+br)]:pb-2\">Jeste\u015b z nami? Super! Zaczynajmy t\u0119 przygod\u0119. Czekamy na Ciebie<\/p>\n","protected":false},"excerpt":{"rendered":"<p>Pom\u00f3\u017c nam stworzy\u0107 jedyn\u0105 w swoim rodzaju aplikacj\u0119 wellness &#8211; SelfUp! Hej! Masz ochot\u0119 poczu\u0107 si\u0119 lepiej, ale bez wielkich rewolucji i skomplikowanych plan\u00f3w? Super, bo w\u0142a\u015bnie tego chcemy Ci dostarczy\u0107! Zapraszamy Ci\u0119 do wzi\u0119cia udzia\u0142u w kr\u00f3tkim, 10-dniowym te\u015bcie naszej aplikacji SelfUp. To nie jest kolejny nudny test \u2013 to Twoja osobista przygoda w<\/p>\n","protected":false},"author":1,"featured_media":85,"parent":0,"menu_order":0,"comment_status":"closed","ping_status":"open","template":"","meta":{"footnotes":""},"class_list":["post-2","page","type-page","status-publish","has-post-thumbnail","hentry"],"yoast_head":"<!-- This site is optimized with the Yoast SEO plugin v25.4 - https:\/\/yoast.com\/wordpress\/plugins\/seo\/ -->\n<title>Faza testowa SelfUp - na czym polega? - SelfUp Know<\/title>\n<meta name=\"robots\" content=\"index, follow, max-snippet:-1, max-image-preview:large, max-video-preview:-1\" \/>\n<link rel=\"canonical\" href=\"https:\/\/blog.selfup.app\/?page_id=2\" \/>\n<meta property=\"og:locale\" content=\"pl_PL\" \/>\n<meta property=\"og:type\" content=\"article\" \/>\n<meta property=\"og:title\" content=\"Faza testowa SelfUp - na czym polega? - SelfUp Know\" \/>\n<meta property=\"og:description\" content=\"Pom\u00f3\u017c nam stworzy\u0107 jedyn\u0105 w swoim rodzaju aplikacj\u0119 wellness &#8211; SelfUp! Hej! Masz ochot\u0119 poczu\u0107 si\u0119 lepiej, ale bez wielkich rewolucji i skomplikowanych plan\u00f3w? Super, bo w\u0142a\u015bnie tego chcemy Ci dostarczy\u0107! Zapraszamy Ci\u0119 do wzi\u0119cia udzia\u0142u w kr\u00f3tkim, 10-dniowym te\u015bcie naszej aplikacji SelfUp. To nie jest kolejny nudny test \u2013 to Twoja osobista przygoda w\" \/>\n<meta property=\"og:url\" content=\"https:\/\/blog.selfup.app\/?page_id=2\" \/>\n<meta property=\"og:site_name\" content=\"SelfUp Know\" \/>\n<meta property=\"article:modified_time\" content=\"2025-08-25T16:40:09+00:00\" \/>\n<meta property=\"og:image\" content=\"https:\/\/blog.selfup.app\/wp-content\/uploads\/2025\/08\/siedzacy-576-scaled.png\" \/>\n\t<meta property=\"og:image:width\" content=\"2560\" \/>\n\t<meta property=\"og:image:height\" content=\"1340\" \/>\n\t<meta property=\"og:image:type\" content=\"image\/png\" \/>\n<meta name=\"twitter:card\" content=\"summary_large_image\" \/>\n<meta name=\"twitter:label1\" content=\"Szacowany czas czytania\" \/>\n\t<meta name=\"twitter:data1\" content=\"5 minut\" \/>\n<script type=\"application\/ld+json\" class=\"yoast-schema-graph\">{\"@context\":\"https:\/\/schema.org\",\"@graph\":[{\"@type\":\"WebPage\",\"@id\":\"https:\/\/blog.selfup.app\/?page_id=2\",\"url\":\"https:\/\/blog.selfup.app\/?page_id=2\",\"name\":\"Faza testowa SelfUp - na czym polega? - SelfUp Know\",\"isPartOf\":{\"@id\":\"https:\/\/blog.selfup.app\/#website\"},\"primaryImageOfPage\":{\"@id\":\"https:\/\/blog.selfup.app\/?page_id=2#primaryimage\"},\"image\":{\"@id\":\"https:\/\/blog.selfup.app\/?page_id=2#primaryimage\"},\"thumbnailUrl\":\"https:\/\/blog.selfup.app\/wp-content\/uploads\/2025\/08\/siedzacy-576-scaled.png\",\"datePublished\":\"2025-07-02T20:07:33+00:00\",\"dateModified\":\"2025-08-25T16:40:09+00:00\",\"breadcrumb\":{\"@id\":\"https:\/\/blog.selfup.app\/?page_id=2#breadcrumb\"},\"inLanguage\":\"pl-PL\",\"potentialAction\":[{\"@type\":\"ReadAction\",\"target\":[\"https:\/\/blog.selfup.app\/?page_id=2\"]}]},{\"@type\":\"ImageObject\",\"inLanguage\":\"pl-PL\",\"@id\":\"https:\/\/blog.selfup.app\/?page_id=2#primaryimage\",\"url\":\"https:\/\/blog.selfup.app\/wp-content\/uploads\/2025\/08\/siedzacy-576-scaled.png\",\"contentUrl\":\"https:\/\/blog.selfup.app\/wp-content\/uploads\/2025\/08\/siedzacy-576-scaled.png\",\"width\":2560,\"height\":1340},{\"@type\":\"BreadcrumbList\",\"@id\":\"https:\/\/blog.selfup.app\/?page_id=2#breadcrumb\",\"itemListElement\":[{\"@type\":\"ListItem\",\"position\":1,\"name\":\"Home\",\"item\":\"https:\/\/blog.selfup.app\/\"},{\"@type\":\"ListItem\",\"position\":2,\"name\":\"Faza testowa SelfUp &#8211; na czym polega?\"}]},{\"@type\":\"WebSite\",\"@id\":\"https:\/\/blog.selfup.app\/#website\",\"url\":\"https:\/\/blog.selfup.app\/\",\"name\":\"SelfUp Know\",\"description\":\"\",\"publisher\":{\"@id\":\"https:\/\/blog.selfup.app\/#organization\"},\"potentialAction\":[{\"@type\":\"SearchAction\",\"target\":{\"@type\":\"EntryPoint\",\"urlTemplate\":\"https:\/\/blog.selfup.app\/?s={search_term_string}\"},\"query-input\":{\"@type\":\"PropertyValueSpecification\",\"valueRequired\":true,\"valueName\":\"search_term_string\"}}],\"inLanguage\":\"pl-PL\"},{\"@type\":\"Organization\",\"@id\":\"https:\/\/blog.selfup.app\/#organization\",\"name\":\"SelfUp Know\",\"url\":\"https:\/\/blog.selfup.app\/\",\"logo\":{\"@type\":\"ImageObject\",\"inLanguage\":\"pl-PL\",\"@id\":\"https:\/\/blog.selfup.app\/#\/schema\/logo\/image\/\",\"url\":\"https:\/\/blog.selfup.app\/wp-content\/uploads\/2025\/07\/cropped-cropped-cropped-Logo@4x-300x72-1.png\",\"contentUrl\":\"https:\/\/blog.selfup.app\/wp-content\/uploads\/2025\/07\/cropped-cropped-cropped-Logo@4x-300x72-1.png\",\"width\":300,\"height\":72,\"caption\":\"SelfUp Know\"},\"image\":{\"@id\":\"https:\/\/blog.selfup.app\/#\/schema\/logo\/image\/\"}}]}<\/script>\n<!-- \/ Yoast SEO plugin. -->","yoast_head_json":{"title":"Faza testowa SelfUp - na czym polega? - SelfUp Know","robots":{"index":"index","follow":"follow","max-snippet":"max-snippet:-1","max-image-preview":"max-image-preview:large","max-video-preview":"max-video-preview:-1"},"canonical":"https:\/\/blog.selfup.app\/?page_id=2","og_locale":"pl_PL","og_type":"article","og_title":"Faza testowa SelfUp - na czym polega? - SelfUp Know","og_description":"Pom\u00f3\u017c nam stworzy\u0107 jedyn\u0105 w swoim rodzaju aplikacj\u0119 wellness &#8211; SelfUp! Hej! Masz ochot\u0119 poczu\u0107 si\u0119 lepiej, ale bez wielkich rewolucji i skomplikowanych plan\u00f3w? Super, bo w\u0142a\u015bnie tego chcemy Ci dostarczy\u0107! Zapraszamy Ci\u0119 do wzi\u0119cia udzia\u0142u w kr\u00f3tkim, 10-dniowym te\u015bcie naszej aplikacji SelfUp. To nie jest kolejny nudny test \u2013 to Twoja osobista przygoda w","og_url":"https:\/\/blog.selfup.app\/?page_id=2","og_site_name":"SelfUp Know","article_modified_time":"2025-08-25T16:40:09+00:00","og_image":[{"width":2560,"height":1340,"url":"https:\/\/blog.selfup.app\/wp-content\/uploads\/2025\/08\/siedzacy-576-scaled.png","type":"image\/png"}],"twitter_card":"summary_large_image","twitter_misc":{"Szacowany czas czytania":"5 minut"},"schema":{"@context":"https:\/\/schema.org","@graph":[{"@type":"WebPage","@id":"https:\/\/blog.selfup.app\/?page_id=2","url":"https:\/\/blog.selfup.app\/?page_id=2","name":"Faza testowa SelfUp - na czym polega? - SelfUp Know","isPartOf":{"@id":"https:\/\/blog.selfup.app\/#website"},"primaryImageOfPage":{"@id":"https:\/\/blog.selfup.app\/?page_id=2#primaryimage"},"image":{"@id":"https:\/\/blog.selfup.app\/?page_id=2#primaryimage"},"thumbnailUrl":"https:\/\/blog.selfup.app\/wp-content\/uploads\/2025\/08\/siedzacy-576-scaled.png","datePublished":"2025-07-02T20:07:33+00:00","dateModified":"2025-08-25T16:40:09+00:00","breadcrumb":{"@id":"https:\/\/blog.selfup.app\/?page_id=2#breadcrumb"},"inLanguage":"pl-PL","potentialAction":[{"@type":"ReadAction","target":["https:\/\/blog.selfup.app\/?page_id=2"]}]},{"@type":"ImageObject","inLanguage":"pl-PL","@id":"https:\/\/blog.selfup.app\/?page_id=2#primaryimage","url":"https:\/\/blog.selfup.app\/wp-content\/uploads\/2025\/08\/siedzacy-576-scaled.png","contentUrl":"https:\/\/blog.selfup.app\/wp-content\/uploads\/2025\/08\/siedzacy-576-scaled.png","width":2560,"height":1340},{"@type":"BreadcrumbList","@id":"https:\/\/blog.selfup.app\/?page_id=2#breadcrumb","itemListElement":[{"@type":"ListItem","position":1,"name":"Home","item":"https:\/\/blog.selfup.app\/"},{"@type":"ListItem","position":2,"name":"Faza testowa SelfUp &#8211; na czym polega?"}]},{"@type":"WebSite","@id":"https:\/\/blog.selfup.app\/#website","url":"https:\/\/blog.selfup.app\/","name":"SelfUp Know","description":"","publisher":{"@id":"https:\/\/blog.selfup.app\/#organization"},"potentialAction":[{"@type":"SearchAction","target":{"@type":"EntryPoint","urlTemplate":"https:\/\/blog.selfup.app\/?s={search_term_string}"},"query-input":{"@type":"PropertyValueSpecification","valueRequired":true,"valueName":"search_term_string"}}],"inLanguage":"pl-PL"},{"@type":"Organization","@id":"https:\/\/blog.selfup.app\/#organization","name":"SelfUp Know","url":"https:\/\/blog.selfup.app\/","logo":{"@type":"ImageObject","inLanguage":"pl-PL","@id":"https:\/\/blog.selfup.app\/#\/schema\/logo\/image\/","url":"https:\/\/blog.selfup.app\/wp-content\/uploads\/2025\/07\/cropped-cropped-cropped-Logo@4x-300x72-1.png","contentUrl":"https:\/\/blog.selfup.app\/wp-content\/uploads\/2025\/07\/cropped-cropped-cropped-Logo@4x-300x72-1.png","width":300,"height":72,"caption":"SelfUp Know"},"image":{"@id":"https:\/\/blog.selfup.app\/#\/schema\/logo\/image\/"}}]}},"_links":{"self":[{"href":"https:\/\/blog.selfup.app\/index.php?rest_route=\/wp\/v2\/pages\/2","targetHints":{"allow":["GET"]}}],"collection":[{"href":"https:\/\/blog.selfup.app\/index.php?rest_route=\/wp\/v2\/pages"}],"about":[{"href":"https:\/\/blog.selfup.app\/index.php?rest_route=\/wp\/v2\/types\/page"}],"author":[{"embeddable":true,"href":"https:\/\/blog.selfup.app\/index.php?rest_route=\/wp\/v2\/users\/1"}],"replies":[{"embeddable":true,"href":"https:\/\/blog.selfup.app\/index.php?rest_route=%2Fwp%2Fv2%2Fcomments&post=2"}],"version-history":[{"count":3,"href":"https:\/\/blog.selfup.app\/index.php?rest_route=\/wp\/v2\/pages\/2\/revisions"}],"predecessor-version":[{"id":88,"href":"https:\/\/blog.selfup.app\/index.php?rest_route=\/wp\/v2\/pages\/2\/revisions\/88"}],"wp:featuredmedia":[{"embeddable":true,"href":"https:\/\/blog.selfup.app\/index.php?rest_route=\/wp\/v2\/media\/85"}],"wp:attachment":[{"href":"https:\/\/blog.selfup.app\/index.php?rest_route=%2Fwp%2Fv2%2Fmedia&parent=2"}],"curies":[{"name":"wp","href":"https:\/\/api.w.org\/{rel}","templated":true}]}}